{"id":7203,"date":"2022-04-07T22:39:46","date_gmt":"2022-04-07T19:39:46","guid":{"rendered":"https:\/\/www.kumasalanfirma.com\/?page_id=7203"},"modified":"2022-04-07T22:39:46","modified_gmt":"2022-04-07T19:39:46","slug":"parca-ve-top-kumas-alanlar-kimler-05356519107","status":"publish","type":"page","link":"https:\/\/kumas.sima.net.tr\/index.php\/parca-ve-top-kumas-alanlar-kimler-05356519107\/","title":{"rendered":"Par\u00e7a Ve Top Kuma\u015f Alanlar Kimler 05356519107"},"content":{"rendered":"<h3>Par\u00e7a Ve Top Kuma\u015f Alanlar Kimler? 05356519107<\/h3>\n<p>par\u00e7a kuma\u015f alanlar, kuma\u015f al\u0131m sat\u0131m\u0131, parti kuma\u015f\u00e7\u0131lar, <a href=\"https:\/\/www.kumasalanfirma.com\/top-kumas-alanlar-05356519107-alim-satimi-yapanlar-kimler\/\">top kuma\u015f al\u0131m\u0131 sat\u0131m\u0131<\/a>, top kuma\u015f ala\u0131n\u0131, kuma\u015f al\u0131n\u0131r sat\u0131l\u0131r,<br \/>\ntop kuma\u015f alanlar,<\/p>\n<p>Tekstil firmalar\u0131 \u00f6zellikle pandemi s\u00fcrecinde yani b\u00f6ylesine bir zorlu s\u00fcre\u00e7 i\u00e7erisinde. Bu zorlu s\u00fcre\u00e7te pek \u00e7ok i\u015fletme maalesef istenilen sat\u0131\u015flar\u0131 ger\u00e7ekle\u015ftirememektedir. Bu sebepten \u00f6t\u00fcr\u00fc elinde Top kuma\u015f alanlar gibi pek \u00e7ok kuma\u015f t\u00fcrleri kalm\u0131\u015ft\u0131r. Elinizde kalan kuma\u015flar\u0131 elden \u00e7\u0131karman\u0131n en iyi y\u00f6ntemleri aras\u0131nda satmakt\u0131r. Bizimle ileti\u015fime ge\u00e7erek elinizde kalan dahi olsa zarar etmeden elinizden \u00e7\u0131karma f\u0131rsat\u0131n\u0131 bulabileceksiniz. Firmam\u0131z taraf\u0131ndan belirlenen \u00f6nemli unsurlar kapsam\u0131nda kuma\u015f t\u00fcrlerine ve \u00f6zelliklerine g\u00f6re kuma\u015f fiyatlar\u0131 olu\u015fturulmu\u015ftur.<\/p>\n<p>Her nevi Kuma\u015f Al\u0131m Sat\u0131m\u0131 Yap\u0131lmaktad\u0131r.<\/p>\n<h4><span style=\"color: #008000;\">Par\u00e7a Kuma\u015f Ve Top Kuma\u015f Al\u0131m Sat\u0131m\u0131 Yapanlar Kimler 05356519107<\/span><\/h4>\n<div id=\"attachment_7204\" style=\"width: 310px\" class=\"wp-caption alignnone\"><img loading=\"lazy\" decoding=\"async\" aria-describedby=\"caption-attachment-7204\" class=\"size-medium wp-image-7204\" src=\"https:\/\/kumas.sima.net.tr\/wp-content\/uploads\/2022\/04\/086FF6E7-7501-408E-AE80-1E80BA19E081-300x186.jpeg\" alt=\"par\u00e7a kuma\u015f alanlar, kuma\u015f al\u0131m sat\u0131m\u0131, parti kuma\u015f\u00e7\u0131lar, top kuma\u015f al\u0131m\u0131 sat\u0131m\u0131, top kuma\u015f ala\u0131n\u0131, kuma\u015f al\u0131n\u0131r sat\u0131l\u0131r, top kuma\u015f alanlar,\" width=\"300\" height=\"186\" srcset=\"https:\/\/kumas.sima.net.tr\/wp-content\/uploads\/2022\/04\/086FF6E7-7501-408E-AE80-1E80BA19E081-300x186.jpeg 300w, https:\/\/kumas.sima.net.tr\/wp-content\/uploads\/2022\/04\/086FF6E7-7501-408E-AE80-1E80BA19E081-768x476.jpeg 768w, https:\/\/kumas.sima.net.tr\/wp-content\/uploads\/2022\/04\/086FF6E7-7501-408E-AE80-1E80BA19E081.jpeg 960w\" sizes=\"auto, (max-width: 300px) 100vw, 300px\" \/><p id=\"caption-attachment-7204\" class=\"wp-caption-text\">par\u00e7a kuma\u015f alanlar, kuma\u015f al\u0131m sat\u0131m\u0131, parti kuma\u015f\u00e7\u0131lar, top kuma\u015f al\u0131m\u0131 sat\u0131m\u0131, top kuma\u015f ala\u0131n\u0131, kuma\u015f al\u0131n\u0131r sat\u0131l\u0131r,<br \/>top kuma\u015f alanlar,<\/p><\/div>\n<p>Sezonun sonuna gelinmesiyle ya da pandemi s\u00fcrecinde bir hayli s\u0131k\u0131nt\u0131l\u0131 durumdur. Zorlu s\u00fcre\u00e7 \u00f6zellikle tekstil firmas\u0131n\u0131 olumsuz etkiler. B\u00f6ylelikle pek \u00e7ok i\u015fletmenin elinde dahi kalmas\u0131n\u0131n ard\u0131ndan bu kuma\u015f par\u00e7alar\u0131n\u0131 elde nas\u0131l \u00e7\u0131karabileceklerini ara\u015ft\u0131rmaya ba\u015flam\u0131\u015f bulunmaktad\u0131r. Ayr\u0131ca sezonun sonuna gelinmesi de tekstil i\u015fletmelerinin s\u0131k\u0131nt\u0131ya girmesine sebebiyet olur. Elinde kalan Top kuma\u015f Al\u0131m Sat\u0131m\u0131 kuma\u015flar\u0131n\u0131z\u0131 \u0130stanbul merkezli firmam\u0131z ile ileti\u015fime ge\u00e7erek elinizden \u00e7\u0131karabilir ve b\u00f6ylelikle zarar etmekten kurtulur. top kuma\u015f alanlar Her ne kadar \u00e7ok fazla bir kar\u0131n\u0131zda olmasa elinizde \u00fcr\u00fcn kalmas\u0131ndansa zarar etmeden \u00fcr\u00fcn\u00fc elden \u00e7\u0131karmak \u00f6zellikle b\u00f6yle bir zorlu s\u00fcre\u00e7 i\u00e7erisinde \u00f6nem sarf eder.<\/p>\n<h4><span style=\"color: #ff0000;\">PAR\u00c7A KUMA\u015e ALINIR 05356519107<\/span><\/h4>\n<div id=\"attachment_7205\" style=\"width: 310px\" class=\"wp-caption alignnone\"><img loading=\"lazy\" decoding=\"async\" aria-describedby=\"caption-attachment-7205\" class=\"size-medium wp-image-7205\" src=\"https:\/\/kumas.sima.net.tr\/wp-content\/uploads\/2022\/04\/DEE7B7E3-E3AA-4F12-81D4-719F89372B1C-300x186.jpeg\" alt=\"par\u00e7a kuma\u015f alanlar, kuma\u015f al\u0131m sat\u0131m\u0131, parti kuma\u015f\u00e7\u0131lar, top kuma\u015f al\u0131m\u0131 sat\u0131m\u0131, top kuma\u015f ala\u0131n\u0131, kuma\u015f al\u0131n\u0131r sat\u0131l\u0131r, top kuma\u015f alanlar,\" width=\"300\" height=\"186\" srcset=\"https:\/\/kumas.sima.net.tr\/wp-content\/uploads\/2022\/04\/DEE7B7E3-E3AA-4F12-81D4-719F89372B1C-300x186.jpeg 300w, https:\/\/kumas.sima.net.tr\/wp-content\/uploads\/2022\/04\/DEE7B7E3-E3AA-4F12-81D4-719F89372B1C-768x476.jpeg 768w, https:\/\/kumas.sima.net.tr\/wp-content\/uploads\/2022\/04\/DEE7B7E3-E3AA-4F12-81D4-719F89372B1C.jpeg 960w\" sizes=\"auto, (max-width: 300px) 100vw, 300px\" \/><p id=\"caption-attachment-7205\" class=\"wp-caption-text\">par\u00e7a kuma\u015f alanlar, kuma\u015f al\u0131m sat\u0131m\u0131, parti kuma\u015f\u00e7\u0131lar, top kuma\u015f al\u0131m\u0131 sat\u0131m\u0131, top kuma\u015f ala\u0131n\u0131, kuma\u015f al\u0131n\u0131r sat\u0131l\u0131r,<br \/>top kuma\u015f alanlar,<\/p><\/div>\n<p>\u0130nternet \u00fczerinde yap\u0131lan ara\u015ft\u0131rmalar kapsam\u0131nda alan firmalar s\u0131k s\u0131k ara\u015ft\u0131r\u0131lan konular aras\u0131nda bulunmaktad\u0131r. Elinizde bulunan yar\u0131m top par\u00e7a kuma\u015flar\u0131 alarak kullan\u0131labilir hale getirilmesinin ard\u0131ndan kuma\u015flar\u0131n. B\u00f6ylelikle kuma\u015flar yerinde kullan\u0131mlar\u0131 sa\u011flanmas\u0131 ile beraber elinizde ki kuma\u015flar\u0131 de\u011ferlendirerek geri d\u00f6n\u00fc\u015f\u00fcm f\u0131rsat\u0131n\u0131 sunmaktay\u0131z. Firmam\u0131z ile ileti\u015fim i\u00e7erisine ge\u00e7erek kuma\u015f\u0131n\u0131z\u0131n \u00f6zelliklerine ve kalitesini belirterek fiyatlar\u0131 \u00f6\u011frenebilirsiniz. B\u00f6ylelikle elinizde yar\u0131mda olsa kalan kuma\u015flar\u0131 elden \u00e7\u0131karabilecek ve zarar etmekten kurtulabileceksiniz.<\/p>\n","protected":false},"excerpt":{"rendered":"<p>Par\u00e7a Ve Top Kuma\u015f Alanlar Kimler? 05356519107 par\u00e7a kuma\u015f alanlar, kuma\u015f al\u0131m sat\u0131m\u0131, parti kuma\u015f\u00e7\u0131lar, top kuma\u015f al\u0131m\u0131 sat\u0131m\u0131, top kuma\u015f ala\u0131n\u0131, kuma\u015f al\u0131n\u0131r sat\u0131l\u0131r, top kuma\u015f alanlar, Tekstil firmalar\u0131 \u00f6zellikle pandemi s\u00fcrecinde yani b\u00f6ylesine bir zorlu s\u00fcre\u00e7 i\u00e7erisinde. Bu zorlu s\u00fcre\u00e7te pek \u00e7ok i\u015fletme maalesef istenilen sat\u0131\u015flar\u0131 ger\u00e7ekle\u015ftirememektedir. Bu sebepten \u00f6t\u00fcr\u00fc elinde Top kuma\u015f<br \/><a class=\"moretag\" href=\"https:\/\/kumas.sima.net.tr\/index.php\/parca-ve-top-kumas-alanlar-kimler-05356519107\/\">+ Read More<\/a><\/p>\n","protected":false},"author":1,"featured_media":7204,"parent":0,"menu_order":0,"comment_status":"closed","ping_status":"closed","template":"","meta":{"footnotes":""},"class_list":["post-7203","page","type-page","status-publish","has-post-thumbnail","hentry"],"_links":{"self":[{"href":"https:\/\/kumas.sima.net.tr\/index.php\/wp-json\/wp\/v2\/pages\/7203","targetHints":{"allow":["GET"]}}],"collection":[{"href":"https:\/\/kumas.sima.net.tr\/index.php\/wp-json\/wp\/v2\/pages"}],"about":[{"href":"https:\/\/kumas.sima.net.tr\/index.php\/wp-json\/wp\/v2\/types\/page"}],"author":[{"embeddable":true,"href":"https:\/\/kumas.sima.net.tr\/index.php\/wp-json\/wp\/v2\/users\/1"}],"replies":[{"embeddable":true,"href":"https:\/\/kumas.sima.net.tr\/index.php\/wp-json\/wp\/v2\/comments?post=7203"}],"version-history":[{"count":0,"href":"https:\/\/kumas.sima.net.tr\/index.php\/wp-json\/wp\/v2\/pages\/7203\/revisions"}],"wp:featuredmedia":[{"embeddable":true,"href":"https:\/\/kumas.sima.net.tr\/index.php\/wp-json\/wp\/v2\/media\/7204"}],"wp:attachment":[{"href":"https:\/\/kumas.sima.net.tr\/index.php\/wp-json\/wp\/v2\/media?parent=7203"}],"curies":[{"name":"wp","href":"https:\/\/api.w.org\/{rel}","templated":true}]}}