{"id":3915,"date":"2021-09-07T13:39:04","date_gmt":"2021-09-07T10:39:04","guid":{"rendered":"https:\/\/www.kumasalanfirma.com\/?page_id=3915"},"modified":"2021-09-07T13:39:04","modified_gmt":"2021-09-07T10:39:04","slug":"kumas-alanlar-05356519107-parti-kumas-alim-satim","status":"publish","type":"page","link":"https:\/\/kumas.sima.net.tr\/index.php\/kumas-alanlar-05356519107-parti-kumas-alim-satim\/","title":{"rendered":"KUMA\u015e ALANLAR |05356519107| PART\u0130 KUMA\u015e ALIM SATIMI |"},"content":{"rendered":"<h5>KUMA\u015e ALANLAR |05356519107| PART\u0130 KUMA\u015e ALIM SATIMI |<\/h5>\n<p>Kuma\u015f alanlar, parti kuma\u015f alanlar, stok kuma\u015f alanlar, top kuma\u015f alanlar, par\u00e7a kuma\u015f alanlar, kuma\u015f al\u0131m sat\u0131m yapanlar, kuma\u015f al\u0131m yerleri, kuma\u015f kim al\u0131r, kuma\u015f kimler al\u0131r, kuma\u015f al\u0131n\u0131r, sat\u0131l\u0131k kuma\u015f al\u0131n\u0131r, ikinci el kuma\u015f al\u0131n\u0131r, nakit kuma\u015f al\u0131n\u0131r, toptan kuma\u015f alanlar, dokuma kuma\u015f alanlar, \u00f6rme kuma\u015f alanlar, penye kuma\u015f alanlar, ihracat fazlas\u0131 kuma\u015f alanlar, metre ile kuma\u015f alanlar, kilo ile kuma\u015f alanlar,<\/p>\n<h3><span style=\"color: #33cccc;\">PART\u0130 KUMA\u015e ALIYORUZ 05356519107<\/span><\/h3>\n<div id=\"attachment_3830\" style=\"width: 310px\" class=\"wp-caption alignnone\"><img loading=\"lazy\" decoding=\"async\" aria-describedby=\"caption-attachment-3830\" class=\"size-medium wp-image-3830\" src=\"https:\/\/www.kumasalanfirma.com\/wp-content\/uploads\/2021\/09\/36109B43-43B8-4028-AF8B-4B35D82E35C4-300x211.jpeg\" alt=\"Parti Kuma\u015f Alanlar\" width=\"300\" height=\"211\" srcset=\"https:\/\/kumas.sima.net.tr\/wp-content\/uploads\/2021\/09\/36109B43-43B8-4028-AF8B-4B35D82E35C4-300x211.jpeg 300w, https:\/\/kumas.sima.net.tr\/wp-content\/uploads\/2021\/09\/36109B43-43B8-4028-AF8B-4B35D82E35C4.jpeg 557w\" sizes=\"auto, (max-width: 300px) 100vw, 300px\" \/><p id=\"caption-attachment-3830\" class=\"wp-caption-text\">Parti Kuma\u015f Alanlar<\/p><\/div>\n<p>Parti kuma\u015f\u00e7\u0131, parti kuma\u015f\u00e7\u0131lar, parti kuma\u015f \u00c7ar\u015f\u0131s\u0131, parti kuma\u015f alanlar\u0131n telefon numaras\u0131, parti kuma\u015f kim al\u0131yor, parti kuma\u015f kimler oluyor, sat\u0131l\u0131k parti mal\u0131 kuma\u015f alanlar, artan parti kuma\u015flar al\u0131n\u0131r, stok fazlas\u0131 parti kuma\u015f al\u0131m sat\u0131m yap\u0131l\u0131r, desenli parti kuma\u015f alanlar, parti kuma\u015f alanlar, bask\u0131l\u0131 parti kuma\u015f alanlar, ithalat ihracat imalat fazlas\u0131 kuma\u015flar\u0131n\u0131z de\u011ferinde yerinde nakit olarak al\u0131n\u0131r bizden fiyat almadan kuma\u015f satmay\u0131n\u0131z<\/p>\n<h3><span style=\"color: #3366ff;\">STOK KUMA\u015e ALANLAR 05356519107<\/span><\/h3>\n<div id=\"attachment_3901\" style=\"width: 310px\" class=\"wp-caption alignnone\"><img loading=\"lazy\" decoding=\"async\" aria-describedby=\"caption-attachment-3901\" class=\"size-medium wp-image-3901\" src=\"https:\/\/www.kumasalanfirma.com\/wp-content\/uploads\/2021\/09\/C7786CE4-3116-44FD-B436-71D87BECF20F-300x262.jpeg\" alt=\"Stok Kuma\u015f Alanlar\" width=\"300\" height=\"262\" srcset=\"https:\/\/kumas.sima.net.tr\/wp-content\/uploads\/2021\/09\/C7786CE4-3116-44FD-B436-71D87BECF20F-300x262.jpeg 300w, https:\/\/kumas.sima.net.tr\/wp-content\/uploads\/2021\/09\/C7786CE4-3116-44FD-B436-71D87BECF20F.jpeg 720w\" sizes=\"auto, (max-width: 300px) 100vw, 300px\" \/><p id=\"caption-attachment-3901\" class=\"wp-caption-text\">Stok Kuma\u015f Alanlar<\/p><\/div>\n<p>Her t\u00fcrl\u00fc kuma\u015f alanlar, her \u00e7e\u015fit kuma\u015f alanlar, stok\u00e7u, stok\u00e7ular, stok\u00e7u kuma\u015f\u00e7\u0131, zeytinburnu stok\u00e7u, parti top\u00e7u, stok kuma\u015f alanz top\u00e7ular, stok kuma\u015f kim al\u0131yor, sahibinden stok kuma\u015f alanlar, ikinci Esto kuma\u015f alanlar, toplu stok kuma\u015f alanlar, parti mal\u0131 stok kuma\u015f al\u0131n\u0131r, her t\u00fcrl\u00fc stok kuma\u015flar\u0131n\u0131z de\u011ferinde yerinde nakit olarak al\u0131n\u0131r, olarak al\u0131n\u0131r,Top ba\u015f\u0131 kuma\u015f al\u0131n\u0131r, hurda nakit olarak kuma\u015f al\u0131n\u0131r, fantazi haberi kuma\u015f al\u0131n\u0131r, ihracat \u0130malattan artan kuma\u015flar\u0131n\u0131z al\u0131n\u0131r,<\/p>\n<h3><span style=\"color: #ff0000;\">TOP KUMA\u015e ALANLAR 05356519107<\/span><\/h3>\n<div id=\"attachment_3905\" style=\"width: 310px\" class=\"wp-caption alignnone\"><img loading=\"lazy\" decoding=\"async\" aria-describedby=\"caption-attachment-3905\" class=\"size-medium wp-image-3905\" src=\"https:\/\/www.kumasalanfirma.com\/wp-content\/uploads\/2021\/09\/85DD7962-4D5A-4279-8E5E-0722412F8333-300x217.jpeg\" alt=\"Top Kuma\u015f Alanlar\" width=\"300\" height=\"217\" srcset=\"https:\/\/kumas.sima.net.tr\/wp-content\/uploads\/2021\/09\/85DD7962-4D5A-4279-8E5E-0722412F8333-300x217.jpeg 300w, https:\/\/kumas.sima.net.tr\/wp-content\/uploads\/2021\/09\/85DD7962-4D5A-4279-8E5E-0722412F8333.jpeg 720w\" sizes=\"auto, (max-width: 300px) 100vw, 300px\" \/><p id=\"caption-attachment-3905\" class=\"wp-caption-text\"><span style=\"color: #3366ff;\">Top Kuma\u015f Alanlar<\/span><\/p><\/div>\n<p>kuma\u015f al\u0131m\u0131 yapanlar, toplu kuma\u015f alanlar, top halinde kuma\u015f alanlar, ihracatdan artan top kuma\u015f alanlar, yar\u0131n top kuma\u015f alanlar, tam top kuma\u015f al\u0131n\u0131r, par\u00e7a top kuma\u015f al\u0131n\u0131r,Tekleme top kuma\u015f al\u0131n\u0131r, \u00f6rme top kuma\u015f al\u0131n\u0131r, dokuma top kuma\u015f al\u0131n\u0131r, penye top kuma\u015f al\u0131n\u0131r, kar\u0131\u015f\u0131k top kuma\u015f al\u0131n\u0131r, bask\u0131 alt\u0131 top kuma\u015f alanlar, dijital bask\u0131 top kuma\u015f al\u0131n\u0131r, ka\u011f\u0131t bask\u0131 top kuma\u015f al\u0131n\u0131r, Flok bask\u0131 top kuma\u015f al\u0131n\u0131r, \u00e7ift tarafl\u0131 top kuma\u015f al\u0131n\u0131r, top kuma\u015f alan kuma\u015fc\u0131lar,<\/p>\n<h3><strong><span style=\"color: #008000;\">PAR\u00c7A KUMA\u015e ALANLAR 05356519107<\/span><\/strong><\/h3>\n<div id=\"attachment_3885\" style=\"width: 310px\" class=\"wp-caption alignnone\"><img loading=\"lazy\" decoding=\"async\" aria-describedby=\"caption-attachment-3885\" class=\"size-medium wp-image-3885\" src=\"https:\/\/www.kumasalanfirma.com\/wp-content\/uploads\/2021\/09\/63EA12AA-877E-4065-B772-01AD88A91764-300x268.jpeg\" alt=\"Kuma\u015f par\u00e7alar\u0131 ve top kuma\u015f alanlar\" width=\"300\" height=\"268\" srcset=\"https:\/\/kumas.sima.net.tr\/wp-content\/uploads\/2021\/09\/63EA12AA-877E-4065-B772-01AD88A91764-300x268.jpeg 300w, https:\/\/kumas.sima.net.tr\/wp-content\/uploads\/2021\/09\/63EA12AA-877E-4065-B772-01AD88A91764.jpeg 720w\" sizes=\"auto, (max-width: 300px) 100vw, 300px\" \/><p id=\"caption-attachment-3885\" class=\"wp-caption-text\"><a href=\"https:\/\/www.kumasalanfirma.com\/parti-kumas-alanlar-05356519107-partici-kumas-alim\/\">Kuma\u015f par\u00e7alar\u0131 ve top kuma\u015f alanlar<\/a><\/p><\/div>\n<p>par\u00e7a kuma\u015f alanlar, numunelik par\u00e7a kuma\u015f alanlar, abiyelik par\u00e7a kuma\u015f alanlar, montluk par\u00e7a kuma\u015f alanlar, kapitone parti kuma\u015f alanlar, \u00f6rme parti kuma\u015f alanlar, dokuma parti kuma\u015f alanlar, imalat ithalat ihracat fazlas\u0131 par\u00e7a kuma\u015f alanlar, bask\u0131l\u0131 par\u00e7a kuma\u015f alanlar, metraj par\u00e7a kuma\u015f alanlar, top ba\u015f\u0131 par\u00e7a kuma\u015f alanlar, d\u00f6\u015femelik par\u00e7a kuma\u015f alanlar, perdelik par\u00e7a kuma\u015f alanlar, Gemlik par\u00e7a kuma\u015f alanlar, par\u00e7a kuma\u015f al\u0131m sat\u0131m ilanlar\u0131,<\/p>\n<h3><span style=\"color: #ff6600;\">HERT\u00dcRL\u00dc KUMA\u015e ALIYORUZ 05356519107<\/span><\/h3>\n<div id=\"attachment_3884\" style=\"width: 310px\" class=\"wp-caption alignnone\"><img loading=\"lazy\" decoding=\"async\" aria-describedby=\"caption-attachment-3884\" class=\"size-medium wp-image-3884\" src=\"https:\/\/www.kumasalanfirma.com\/wp-content\/uploads\/2021\/09\/E4835259-1AD3-41DA-A69D-669B951154F4-300x239.jpeg\" alt=\"Her t\u00fcrl\u00fc kuma\u015f al\u0131n\u0131r\" width=\"300\" height=\"239\" srcset=\"https:\/\/kumas.sima.net.tr\/wp-content\/uploads\/2021\/09\/E4835259-1AD3-41DA-A69D-669B951154F4-300x239.jpeg 300w, https:\/\/kumas.sima.net.tr\/wp-content\/uploads\/2021\/09\/E4835259-1AD3-41DA-A69D-669B951154F4.jpeg 720w\" sizes=\"auto, (max-width: 300px) 100vw, 300px\" \/><p id=\"caption-attachment-3884\" class=\"wp-caption-text\"><span style=\"color: #0000ff;\">Her t\u00fcrl\u00fc kuma\u015flar\u0131n\u0131z de\u011ferinde al\u0131n\u0131r<\/span><\/p><\/div>\n<p>\u015eifon kuma\u015f alanlar, Gabardin kuma\u015f alanlar, keten kuma\u015f alanlar, krep kuma\u015f alanlar, kot kuma\u015f alanlar, dantel kuma\u015f alanlar, viskon kuma\u015f alanlar, polar kuma\u015f alanlar, pelu\u015f kuma\u015f alanlar, iki iplik kuma\u015f alanlar, \u00fc\u00e7 iplik kuma\u015f alanlar, polyester kuma\u015f alanlar, pamuklu kuma\u015f alanlar, bask\u0131l\u0131 kuma\u015f alanlar, \u00e7izgili kuma\u015f alanlar, d\u00fcz kuma\u015f alanlar, pano desen kuma\u015f alanlar, ete\u011fi sulu kuma\u015f alanlar, d\u00f6\u015femelik kuma\u015f alanlar, perde maa\u015f alanlar, montluk kuma\u015f alanlar, pantolonluk kuma\u015f alanlar, abiye kuma\u015f alanlar<\/p>\n<h3><span style=\"color: #800080;\">HER\u00c7E\u015e\u0130T KUMA\u015e ALIMI YAPILIR 05356519107<\/span><\/h3>\n<div id=\"attachment_3882\" style=\"width: 310px\" class=\"wp-caption alignnone\"><img loading=\"lazy\" decoding=\"async\" aria-describedby=\"caption-attachment-3882\" class=\"size-medium wp-image-3882\" src=\"https:\/\/www.kumasalanfirma.com\/wp-content\/uploads\/2021\/09\/6D3EF999-E9C2-459F-A024-FD1F4649662B-300x156.jpeg\" alt=\"Kuma\u015f Par\u00e7as\u0131 Alanlar\" width=\"300\" height=\"156\" \/><p id=\"caption-attachment-3882\" class=\"wp-caption-text\"><a href=\"https:\/\/www.kumasalanfirma.com\/blog\/\">Her\u00e7e\u015fit Kuma\u015f \u00a0Alanlar<\/a><\/p><\/div>\n<p>, fantazi kuma\u015f alanlar, iyi fiyata kuma\u015f alanlar, y\u00fcksek fiyata kuma\u015f alanlar, de\u011ferinde kuma\u015f alanlar, yerinde kuma\u015f alanlar, nakit kuma\u015f alanlar, kuma\u015f kim al\u0131yor, \u0130stanbul\u2019daki parti kuma\u015f\u00e7\u0131lar, zeytinburnu partici, kabanl\u0131 kuma\u015f alanlar, etekli kuma\u015f Alanlar,Cekettik kuma\u015f alanlar, astarl\u0131k kuma\u015f alanlar, polyester astar alanlar, tiril astar alanlar, tela alanlar, tekstil aksesuarlar\u0131 alanlar, fermuar alanlar, lastik alanlar, iplik alanlar, d\u00fc\u011fme alanlar,S\u00fcprem Kuma\u015f Alanlar,ka\u015fe Kuma\u015f Alanlar,Sendi Kuma\u015f Alanlar,<\/p>\n<h3><span style=\"color: #ff00ff;\">DE\u011eER\u0130NDE KUMA\u015e ALIMI YAPIYORUZ 05356519107<\/span><\/h3>\n<div id=\"attachment_3804\" style=\"width: 310px\" class=\"wp-caption alignnone\"><img loading=\"lazy\" decoding=\"async\" aria-describedby=\"caption-attachment-3804\" class=\"size-medium wp-image-3804\" src=\"https:\/\/www.kumasalanfirma.com\/wp-content\/uploads\/2021\/08\/EEE1D22F-73F9-4DD4-BA7E-DC75C6F8ADBC-300x244.jpeg\" alt=\"Kilo ile kuma\u015f alanlar, kiloluk top kuma\u015f ve par\u00e7a kuma\u015f al\u0131n\u0131r,\" width=\"300\" height=\"244\" srcset=\"https:\/\/kumas.sima.net.tr\/wp-content\/uploads\/2021\/08\/EEE1D22F-73F9-4DD4-BA7E-DC75C6F8ADBC-300x244.jpeg 300w, https:\/\/kumas.sima.net.tr\/wp-content\/uploads\/2021\/08\/EEE1D22F-73F9-4DD4-BA7E-DC75C6F8ADBC-768x624.jpeg 768w, https:\/\/kumas.sima.net.tr\/wp-content\/uploads\/2021\/08\/EEE1D22F-73F9-4DD4-BA7E-DC75C6F8ADBC.jpeg 960w\" sizes=\"auto, (max-width: 300px) 100vw, 300px\" \/><p id=\"caption-attachment-3804\" class=\"wp-caption-text\"><a href=\"https:\/\/www.kumasalanfirma.com\/kumas-alanlar-05356519107-kumas-secimi\/\">Kilo ile kuma\u015f alanlar, kiloluk top kuma\u015f ve par\u00e7a kuma\u015f al\u0131n\u0131r,<\/a><\/p><\/div>\n<h6>orijinal top halinde kuma\u015f al\u0131n\u0131r, yar\u0131m top par\u00e7a kuma\u015flar\u0131n\u0131z de\u011ferinde al\u0131n\u0131r, kapitone kuma\u015f alanlar, mikro kuma\u015f alanlar, para\u015f\u00fct kuma\u015f alanlar, dalg\u0131\u00e7 kuma\u015f alanlar, Taytuyu kuma\u015f alanlar, Ecrin kuma\u015f alanlar, karya\u011fd\u0131 kuma\u015f alanlar, organze kuma\u015f alanlar, keten kuma\u015f alanlar, kadife kuma\u015f alanlar, viskon kuma\u015f alanlar,s\u00fcet kuma\u015f Alanlar, nevresimlik kuma\u015f alanlar, \u00e7ar\u015fafl\u0131k kuma\u015f alanlar, kanepe kuma\u015f alanlar, organizasyon kuma\u015flar\u0131 al\u0131n\u0131r, kuma\u015f satmak istiyorum, kuma\u015f sat\u0131n al, kuma\u015f sat\u0131n alanlar, siz de\u011ferli firma sahipleri elinizde kalm\u0131\u015f her t\u00fcrl\u00fc top kuma\u015f par\u00e7a kuma\u015f yar\u0131m top kuma\u015f tam top kuma\u015f Kullanmad\u0131\u011f\u0131n\u0131z kuma\u015flar olursa de\u011ferinde alan bir firma avc\u0131 tekstil irtibat telefon<\/h6>\n<h4><span style=\"color: #ff00ff;\">0 535 651 91 07 aray\u0131n hemen gelelim bizden fiyat almadan kuma\u015f satmay\u0131n\u0131z<\/span><\/h4>\n","protected":false},"excerpt":{"rendered":"<p>KUMA\u015e ALANLAR |05356519107| PART\u0130 KUMA\u015e ALIM SATIMI | Kuma\u015f alanlar, parti kuma\u015f alanlar, stok kuma\u015f alanlar, top kuma\u015f alanlar, par\u00e7a kuma\u015f alanlar, kuma\u015f al\u0131m sat\u0131m yapanlar, kuma\u015f al\u0131m yerleri, kuma\u015f kim al\u0131r, kuma\u015f kimler al\u0131r, kuma\u015f al\u0131n\u0131r, sat\u0131l\u0131k kuma\u015f al\u0131n\u0131r, ikinci el kuma\u015f al\u0131n\u0131r, nakit kuma\u015f al\u0131n\u0131r, toptan kuma\u015f alanlar, dokuma kuma\u015f alanlar, \u00f6rme kuma\u015f<br \/><a class=\"moretag\" href=\"https:\/\/kumas.sima.net.tr\/index.php\/kumas-alanlar-05356519107-parti-kumas-alim-satim\/\">+ Read More<\/a><\/p>\n","protected":false},"author":1,"featured_media":3906,"parent":0,"menu_order":0,"comment_status":"closed","ping_status":"closed","template":"","meta":{"footnotes":""},"class_list":["post-3915","page","type-page","status-publish","has-post-thumbnail","hentry"],"_links":{"self":[{"href":"https:\/\/kumas.sima.net.tr\/index.php\/wp-json\/wp\/v2\/pages\/3915","targetHints":{"allow":["GET"]}}],"collection":[{"href":"https:\/\/kumas.sima.net.tr\/index.php\/wp-json\/wp\/v2\/pages"}],"about":[{"href":"https:\/\/kumas.sima.net.tr\/index.php\/wp-json\/wp\/v2\/types\/page"}],"author":[{"embeddable":true,"href":"https:\/\/kumas.sima.net.tr\/index.php\/wp-json\/wp\/v2\/users\/1"}],"replies":[{"embeddable":true,"href":"https:\/\/kumas.sima.net.tr\/index.php\/wp-json\/wp\/v2\/comments?post=3915"}],"version-history":[{"count":0,"href":"https:\/\/kumas.sima.net.tr\/index.php\/wp-json\/wp\/v2\/pages\/3915\/revisions"}],"wp:featuredmedia":[{"embeddable":true,"href":"https:\/\/kumas.sima.net.tr\/index.php\/wp-json\/wp\/v2\/media\/3906"}],"wp:attachment":[{"href":"https:\/\/kumas.sima.net.tr\/index.php\/wp-json\/wp\/v2\/media?parent=3915"}],"curies":[{"name":"wp","href":"https:\/\/api.w.org\/{rel}","templated":true}]}}