{"id":3032,"date":"2021-05-25T21:21:09","date_gmt":"2021-05-25T18:21:09","guid":{"rendered":"https:\/\/kumasalanfirma.com\/?page_id=3032"},"modified":"2021-05-25T21:21:09","modified_gmt":"2021-05-25T18:21:09","slug":"hakkimizda","status":"publish","type":"page","link":"https:\/\/kumas.sima.net.tr\/index.php\/hakkimizda\/","title":{"rendered":"Hakk\u0131m\u0131zda"},"content":{"rendered":"<p><img loading=\"lazy\" decoding=\"async\" class=\" wp-image-3242 alignleft\" src=\"https:\/\/kumas.sima.net.tr\/wp-content\/uploads\/2021\/05\/Kumas-alan-firmalar-3-300x254.jpg\" alt=\"\" width=\"400\" height=\"339\" srcset=\"https:\/\/kumas.sima.net.tr\/wp-content\/uploads\/2021\/05\/Kumas-alan-firmalar-3-300x254.jpg 300w, https:\/\/kumas.sima.net.tr\/wp-content\/uploads\/2021\/05\/Kumas-alan-firmalar-3-768x650.jpg 768w, https:\/\/kumas.sima.net.tr\/wp-content\/uploads\/2021\/05\/Kumas-alan-firmalar-3-100x84.jpg 100w, https:\/\/kumas.sima.net.tr\/wp-content\/uploads\/2021\/05\/Kumas-alan-firmalar-3.jpg 1000w\" sizes=\"auto, (max-width: 400px) 100vw, 400px\" \/><strong>Avc\u0131 Tekstil<\/strong> <strong>Kuma\u015f alan firma 05356519107<\/strong>\u00a0olarak misyonumuz parti kuma\u015f al\u0131m\u0131,top kuma\u015f alanlar ve par\u00e7a <strong>kuma\u015f alan<\/strong>,kuma\u015f alan firmalar,kuma\u015f al\u0131n\u0131r, toptan stok kuma\u015f ve top kuma\u015f par\u00e7a kuma\u015f\u00a0 olarak kuma\u015f al\u0131p geni\u015f bir \u00fcr\u00fcn yelpazesine sahip olmakt\u0131r. Bu misyon \u00f6nderli\u011finde bu piyasada \u00e7al\u0131\u015f\u0131p t\u00fcm planlar\u0131m\u0131z\u0131 da buna g\u00f6re ger\u00e7ekle\u015ftiriyoruz. Vizyon olarak da bu sekt\u00f6rde ad\u0131ndan ilk olarak s\u00f6z ettiren ve \u00fcr\u00fcn yelpazesi en geni\u015f firma olan bir tekstil olmam\u0131z gelmektedir.<\/p>\n<p><strong>\u0130stanbul kuma\u015f alanlar<\/strong> aras\u0131nda yer alan firmam\u0131za \u0130stanbul&#8217;un her yerinden ula\u015fman\u0131z m\u00fcmk\u00fcn olacakt\u0131r. Bu sayede k\u0131sa s\u00fcre i\u00e7inde uzman ekiplerimiz size ula\u015facak ve <strong>kuma\u015f al\u0131m<\/strong> i\u015flemini ger\u00e7ekle\u015ftirecektir. Bu i\u015flem neticesinde siz de ciddi gelirler elde edebilirsiniz. Yani elinizde kullanmad\u0131\u011f\u0131n\u0131z bir kuma\u015f varsa tek yapman\u0131z gereken mesai saatleri i\u00e7inde bize ula\u015farak \u0130stanbul&#8217;un hangi b\u00f6lgesinde olursan\u0131z olun talebinizi bildirmek olacakt\u0131r. Bunun yan\u0131 s\u0131ra e\u011fer kuma\u015f satmak de\u011fil de kuma\u015f almak istiyorsan\u0131z yine bize ula\u015fabilirsiniz. Elimizde bir\u00e7ok farkl\u0131 kuma\u015f bulundu\u011fu i\u00e7in talebinizi ger\u00e7ekle\u015ftirmemiz de kolay olacakt\u0131r. K\u0131sacas\u0131 hem al\u0131m hem sat\u0131m i\u015flemleri i\u00e7in bize ileti\u015fim numaralar\u0131ndan ula\u015f\u0131p \u00f6nce fiyat bilgisi alabilir sonra da destek alabilirsiniz.<\/p>\n<p>Kuma\u015f alan firmalar konusunda <strong>\u0130stanbul kuma\u015f alanlar<\/strong> aras\u0131nda lider konumda yer almaktay\u0131z. Parti kuma\u015f\u0131n di\u011fer kuma\u015flardan fark\u0131 \u00fcretim mekanizmas\u0131 probleminden dolay\u0131 kuma\u015f\u0131n\u0131n de\u011ferini normal de\u011ferine oranla daha uygun olmas\u0131d\u0131r. Bir\u00e7ok ki\u015fi parti kuma\u015flar\u0131 satamayaca\u011f\u0131n\u0131 d\u00fc\u015f\u00fcnerek \u00e7\u00f6pe dahi atarlar. Fakat e\u011fer elinizde bu parti kuma\u015flar varsa bizimle ileti\u015fime ge\u00e7ebilirsiniz. Uzman ekiplerimiz bu parti kuma\u015flar\u0131 inceleyecek ve de\u011feri kar\u015f\u0131l\u0131\u011f\u0131nda sizden al\u0131nacakt\u0131r. B\u00f6ylece parti kuma\u015flar\u0131 elden \u00e7\u0131karma konusunda s\u0131k\u0131nt\u0131 ya\u015f\u0131yorsan\u0131z da bizimle ileti\u015fime ge\u00e7erek bu s\u0131k\u0131nt\u0131dan da kurtulmu\u015f olacaks\u0131n\u0131z.<\/p>\n<p>Bunun yan\u0131 s\u0131ra hem daha pahal\u0131 olan top kuma\u015flar\u0131n al\u0131m\u0131 hem de daha uygun fiyatl\u0131 olan par\u00e7a kuma\u015flar\u0131n al\u0131m\u0131n\u0131 da yap\u0131yoruz. Yani her \u00e7e\u015fitte kuma\u015f al\u0131m\u0131 i\u00e7in bizimle ileti\u015fime ge\u00e7meniz yeterli olacakt\u0131r. Bize sataca\u011f\u0131n\u0131z kuma\u015flarla birlikte piyasadaki bir\u00e7ok kuma\u015f alan firmaya g\u00f6re daha karl\u0131 bir i\u015flem yapman\u0131z m\u00fcmk\u00fcn olacakt\u0131r. \u00c7\u00fcnk\u00fc bizim i\u00e7in m\u00fc\u015fterinin de memnun olmas\u0131 olduk\u00e7a \u00f6nemli ve bu sebeple de sizin elinizde olan par\u00e7a kuma\u015f olsun top kuma\u015f olsun bu kuma\u015flar\u0131 de\u011ferinde almaktan dolay\u0131 mutluluk duyuyoruz.<\/p>\n","protected":false},"excerpt":{"rendered":"<p>Avc\u0131 Tekstil Kuma\u015f alan firma 05356519107\u00a0olarak misyonumuz parti kuma\u015f al\u0131m\u0131,top kuma\u015f alanlar ve par\u00e7a kuma\u015f alan,kuma\u015f alan firmalar,kuma\u015f al\u0131n\u0131r, toptan stok kuma\u015f ve top kuma\u015f par\u00e7a kuma\u015f\u00a0 olarak kuma\u015f al\u0131p geni\u015f bir \u00fcr\u00fcn yelpazesine sahip olmakt\u0131r. Bu misyon \u00f6nderli\u011finde bu piyasada \u00e7al\u0131\u015f\u0131p t\u00fcm planlar\u0131m\u0131z\u0131 da buna g\u00f6re ger\u00e7ekle\u015ftiriyoruz. Vizyon olarak da bu sekt\u00f6rde ad\u0131ndan ilk<br \/><a class=\"moretag\" href=\"https:\/\/kumas.sima.net.tr\/index.php\/hakkimizda\/\">+ Read More<\/a><\/p>\n","protected":false},"author":1,"featured_media":0,"parent":0,"menu_order":0,"comment_status":"closed","ping_status":"closed","template":"","meta":{"footnotes":""},"class_list":["post-3032","page","type-page","status-publish","hentry"],"_links":{"self":[{"href":"https:\/\/kumas.sima.net.tr\/index.php\/wp-json\/wp\/v2\/pages\/3032","targetHints":{"allow":["GET"]}}],"collection":[{"href":"https:\/\/kumas.sima.net.tr\/index.php\/wp-json\/wp\/v2\/pages"}],"about":[{"href":"https:\/\/kumas.sima.net.tr\/index.php\/wp-json\/wp\/v2\/types\/page"}],"author":[{"embeddable":true,"href":"https:\/\/kumas.sima.net.tr\/index.php\/wp-json\/wp\/v2\/users\/1"}],"replies":[{"embeddable":true,"href":"https:\/\/kumas.sima.net.tr\/index.php\/wp-json\/wp\/v2\/comments?post=3032"}],"version-history":[{"count":0,"href":"https:\/\/kumas.sima.net.tr\/index.php\/wp-json\/wp\/v2\/pages\/3032\/revisions"}],"wp:attachment":[{"href":"https:\/\/kumas.sima.net.tr\/index.php\/wp-json\/wp\/v2\/media?parent=3032"}],"curies":[{"name":"wp","href":"https:\/\/api.w.org\/{rel}","templated":true}]}}