{"id":30,"date":"2020-06-05T09:14:31","date_gmt":"2020-06-05T06:14:31","guid":{"rendered":"https:\/\/demo.casethemes.net\/bixol\/?page_id=30"},"modified":"2020-06-05T09:14:31","modified_gmt":"2020-06-05T06:14:31","slug":"bize-ulasin","status":"publish","type":"page","link":"https:\/\/kumas.sima.net.tr\/index.php\/bize-ulasin\/","title":{"rendered":"Bize Ula\u015f\u0131n"},"content":{"rendered":"<h3>\n            Bize Ula\u015fabilece\u011finiz <small><br \/>\u0130leti\u015fim Bilgilerimiz<\/small><br \/>\n    <\/h3>\n<h3>\n            \u0130\u015f Yerimiz        <\/h3>\n<p>        Parti Kuma\u015f Alanlar &#8211; Avc\u0131 Tekstil<br \/>\nSeyitnizam Mahallesi Bal\u0131kl\u0131 \u00c7\u0131rp\u0131c\u0131 Yolu Sk  35-37 A, 34015<br \/> Zeytinburnu-\u0130STANBUL<br \/>\n            <a href=\"https:\/\/www.google.com\/maps?q=380+St+Kilda+Road,+Melbourne,+Australia\"><\/a><\/p>\n<h3>\n            Telefon Numaram\u0131z        <\/h3>\n<p>        <center>0535 651 91 07<\/center><br \/>\n            <a href=\"tel:05356519107\"><\/a><\/p>\n<h3>\n            Whatsapp Hatt\u0131m\u0131z        <\/h3>\n<p>        <center>0535 651 91 07<\/center><br \/>\n            <a href=\"https:\/\/api.whatsapp.com\/send\/?phone=%2B905356519107&amp;text=Kuma%C5%9F%20+Almak+istiyorum&amp;app_absent=0\"><\/a><br \/>\n\t\t\t<iframe frameborder=\"0\" scrolling=\"no\" marginheight=\"0\" marginwidth=\"0\" src=\"https:\/\/maps.google.com\/maps?q=Parti%20Kuma%C5%9F%20Alanlar%20-%20Avc%C4%B1%20Tekstil&amp;t=m&amp;z=19&amp;output=embed&amp;iwloc=near\" title=\"%3$s\" aria-label=\"%3$s\"><\/iframe><\/p>\n","protected":false},"excerpt":{"rendered":"<p>Bize Ula\u015fabilece\u011finiz \u0130leti\u015fim Bilgilerimiz \u0130\u015f Yerimiz Parti Kuma\u015f Alanlar &#8211; Avc\u0131 Tekstil Seyitnizam Mahallesi Bal\u0131kl\u0131 \u00c7\u0131rp\u0131c\u0131 Yolu Sk 35-37 A, 34015 Zeytinburnu-\u0130STANBUL Telefon Numaram\u0131z 0535 651 91 07 Whatsapp Hatt\u0131m\u0131z 0535 651 91 07<\/p>\n","protected":false},"author":1,"featured_media":0,"parent":0,"menu_order":0,"comment_status":"closed","ping_status":"closed","template":"","meta":{"footnotes":""},"class_list":["post-30","page","type-page","status-publish","hentry"],"_links":{"self":[{"href":"https:\/\/kumas.sima.net.tr\/index.php\/wp-json\/wp\/v2\/pages\/30","targetHints":{"allow":["GET"]}}],"collection":[{"href":"https:\/\/kumas.sima.net.tr\/index.php\/wp-json\/wp\/v2\/pages"}],"about":[{"href":"https:\/\/kumas.sima.net.tr\/index.php\/wp-json\/wp\/v2\/types\/page"}],"author":[{"embeddable":true,"href":"https:\/\/kumas.sima.net.tr\/index.php\/wp-json\/wp\/v2\/users\/1"}],"replies":[{"embeddable":true,"href":"https:\/\/kumas.sima.net.tr\/index.php\/wp-json\/wp\/v2\/comments?post=30"}],"version-history":[{"count":0,"href":"https:\/\/kumas.sima.net.tr\/index.php\/wp-json\/wp\/v2\/pages\/30\/revisions"}],"wp:attachment":[{"href":"https:\/\/kumas.sima.net.tr\/index.php\/wp-json\/wp\/v2\/media?parent=30"}],"curies":[{"name":"wp","href":"https:\/\/api.w.org\/{rel}","templated":true}]}}