{"id":1778,"date":"2020-11-16T02:56:50","date_gmt":"2020-11-16T02:56:50","guid":{"rendered":"https:\/\/demo.casethemes.net\/bixol\/?page_id=1778"},"modified":"2020-11-16T02:56:50","modified_gmt":"2020-11-16T02:56:50","slug":"anasayfa-2","status":"publish","type":"page","link":"https:\/\/kumas.sima.net.tr\/index.php\/anasayfa-2\/","title":{"rendered":"Anasayfa"},"content":{"rendered":"<p>[rev_slider alias=&#8221;kumasalanfirma&#8221; slidertitle=&#8221;kumasalanfirma&#8221;][\/rev_slider]\t\t<\/p>\n<h3>\n            M\u00fc\u015fteri Memnuniyeti Kuma\u015f Al\u0131m\u0131nda 0535 651 91 07        <\/h3>\n<p>        Kuma\u015f alan firma olarak parti kuma\u015f ve stok kuma\u015f al\u0131m\u0131nda Kalite ve g\u00fcven ile m\u00fc\u015fteri talep ve<br \/>\nbeklentilerini kar\u015f\u0131layabilmek i\u00e7in var g\u00fcc\u00fcm\u00fcz ile \u00e7al\u0131\u015f\u0131yoruz.<br \/>\n            <a href=\"https:\/\/www.kumasalanfirma.com\/hakkimizda\/\"><\/a><br \/>\n            <img decoding=\"async\" width=\"200\" height=\"60\" src=\"https:\/\/kumas.sima.net.tr\/wp-content\/uploads\/2021\/06\/avci-tekstil-logo.png\" alt=\"avc\u0131 tekstil logo\" loading=\"lazy\" \/>        <\/p>\n<h3>\n            Kuma\u015flar\u0131n\u0131z\u0131 Zaman\u0131n\u0131z\u0131 Almadan \u00dcst\u00fcn Personelimizle Al\u0131yoruz 0535 651 91 07         <\/h3>\n<p>        Zaman\u0131n ne kadar de\u011ferli oldu\u011funu biliyor ve etkin bi\u00e7imde kullanarak planlama ve lojistik s\u00fcre\u00e7lerini en iyi \u015fekilde y\u00f6netiyoruz.<br \/>\n            <a href=\"https:\/\/www.kumasalanfirma.com\/hakkimizda\/\"><\/a><\/p>\n<h3>\n            Hedeflerimiz T\u00fcrkiye Genelinde Kuma\u015f Sat\u0131n Almak 0535 651 91 07        <\/h3>\n<p>        M\u00fc\u015fteri Memnuniyetini ve g\u00fcvenilirli\u011fimizi \u00f6n plana \u00e7\u0131kararak sekt\u00f6r\u00fcn \u00f6nc\u00fc firmas\u0131 olarak yolumuza devam etmektir.<br \/>\n            <a href=\"https:\/\/www.kumasalanfirma.com\/hakkimizda\/\"><\/a><br \/>\n\t\t\t<img decoding=\"async\" width=\"1000\" height=\"847\" src=\"https:\/\/kumas.sima.net.tr\/wp-content\/uploads\/2021\/05\/Kumas-alan-firmalar.jpg\" alt=\"kuma\u015f alan firmalar\" loading=\"lazy\" \/><br \/>\n\t\t\t\t\t25+<\/p>\n<h4>Y\u0131l Sekt\u00f6r Tecr\u00fcbesi<\/h4>\n<p>                                Kuma\u015f Alan Firma            <\/p>\n<h3>\n            \u0130yi bir hizmet almak ister misiniz?<br \/>\n0535 651 91 07<br \/>\n    <\/h3>\n<p>Biz kuma\u015f al\u0131m hizmeti sa\u011flay\u0131c\u0131s\u0131y\u0131z.<\/p>\n<p>Kuma\u015f Alanlar Avc\u0131 Tekstil Kuma\u015f alan firma olarak misyonumuz toptan Stok Parti Kuma\u015f ve top kuma\u015f al\u0131m sat\u0131m\u0131, ihracat fazlas\u0131 kuma\u015f alan firma olarak her t\u00fcrl\u00fc dokuma kuma\u015f, \u00f6rme kuma\u015f ve imalattan artan her nevi tekleme kuma\u015f, par\u00e7a kuma\u015f, kar\u0131\u015f\u0131k kuma\u015f, hurda kuma\u015f, Biz kuma\u015f toplayan firma olarak elinizde kalan kuma\u015flar\u0131 kime satar\u0131m diye d\u00fc\u015f\u00fcnen firma sahiplerine Biz Avc\u0131 Tekstil olarak T\u00fcm kuma\u015f \u00e7e\u015fitlerini sat\u0131n al\u0131p geni\u015f bir \u00fcr\u00fcn yelpazesine sahip olmakt\u0131r. Bu misyon \u00f6nderli\u011finde bu piyasada \u00e7al\u0131\u015f\u0131p t\u00fcm planlar\u0131m\u0131z\u0131 da buna g\u00f6re ger\u00e7ekle\u015ftiriyoruz.<\/p>\n<p>AVCI TEKST\u0130L &#8211;0535 651 91 07<\/p>\n<p>Kuma\u015f Al\u0131n\u0131r,Kuma\u015f Al\u0131m Sat\u0131m\u0131,Kuma\u015f Alanlar, Parti Kuma\u015f Alanlar,Stok Kuma\u015f Al\u0131m\u0131,Top Kuma\u015f Alan Ki\u015filer,Parti Mal\u0131 Kuma\u015f Kim Al\u0131r, Par\u00e7a Kuma\u015f Al\u0131c\u0131lar\u0131, Tekleme Kuma\u015f Sat\u0131n Alan,Kuma\u015f Alan Yerler,Kuma\u015f Alan Firmalar,Kuma\u015f Kim Al\u0131yor,Hurda Kuma\u015f Toplayanlar,Nakit Kuma\u015f Al\u0131m Sat\u0131m, Kuma\u015f Alan, Spot Kuma\u015f Kime Satar\u0131m,ikinci el Kuma\u015f Al\u0131n\u0131r, penye kuma\u015f Alan Firma, Kuma\u015f alan ki\u015filer, kuma\u015f alan yer,Kuma\u015f Particisi,parti kuma\u015f\u00e7\u0131, Zeytinburnu Particiler, partici kuma\u015f\u00e7\u0131,\u0130stanbul Kuma\u015f Alanlar, Zeytinburnu Kuma\u015f Alanlar,Top par\u00e7a kuma\u015f alanlar,Topba\u015f\u0131 Kuma\u015f al\u0131m\u0131,Kuma\u015f Toplayanlar,Metre ile Kuma\u015f alanlar,kilo ile kuma\u015f alanlar,kuma\u015f satanlar,Abiyelik Kuma\u015f alanlar,Fantazi Kuma\u015f Alanlar ,elbiselik Kuma\u015f alanlar ,montluk Kuma\u015f alanlar vs. Her t\u00fcrl\u00fc Kuma\u015flar De\u011ferinde Yerinde Nakit olarak al\u0131m\u0131 sat\u0131m\u0131 yap\u0131l\u0131r.\u015fifon kuma\u015f alan ,krep kuma\u015f alan ,kot kuma\u015f alan ,ka\u015fe kuma\u015f alanlar,organze kuma\u015f alanlar,kesik elyaf kuma\u015f alan,s\u00fcprem kuma\u015f alanlar,interlok kuma\u015f alanlar,ka\u015fkorse kuma\u015f alanlar,ribana kuma\u015f alanlar,vual kuma\u015f alanlar,jarse kuma\u015f alanlar,jesika kuma\u015f aalanlar,\u00e7ilek kuma\u015f alanlar,s\u00fcet kuma\u015f alanlar,vanezya kuma\u015f alan,kompak kuma\u015f alan,para\u015f\u00fct kuma\u015f alanlar,prada kuma\u015f alanlar,erika kuma\u015f alan,polyamid kuma\u015f alanlar,mira kuma\u015f alanlar,h\u00fcrrem kuma\u015f alanlar,z\u0131rh kuma\u015f alanlar,dalg\u0131\u00e7 kuma\u015f alan,\u00e7elik kuma\u015f alan,sendi kuma\u015f alan,dab\u0131l feys kuma\u015f alan,kapitone kuma\u015f alan,bondik kuma\u015f alan,keten kuma\u015f alan,nubuk kuma\u015f alan,neopren kuma\u015f alan,g\u00f6mleklik kuma\u015f alan,aspen kuma\u015f alan,bengalin kuma\u015f alan,poliviskon kuma\u015f alan,brode kuma\u015f alanlar,brokar kuma\u015f alan,enboy kuma\u015f alanlar,bez aya\u011f\u0131 kuma\u015f alanlar,kanvas kuma\u015f alanlar,\u015file bezi kuma\u015f alan,etamin kuma\u015f alanlar,lamineli kuma\u015f alanlar,welsoft kuma\u015f alanlar,velboa kuma\u015f alanlar,tafta kuma\u015f alanlar,saten kuma\u015f alan,astar alanlar,tela alanlar,jakar kuma\u015f alanlar,oxford kuma\u015f alanlar,polar kuma\u015f alan,pel\u00fc\u015f kuma\u015f alan,poplin kuma\u015f alan,<\/p>\n<p>        <a href=\"https:\/\/kumasalanfirma.com\/hakkimizda\/\" data-wow-delay=\"ms\"><br \/>\n                Daha Fazla Bilgi<br \/>\n    <\/a><br \/>\n                                \u0130stanbul Kuma\u015f Alanlar            <\/p>\n<h3>\n            Her T\u00fcrl\u00fc<br \/>\nStok Parti Kuma\u015f Al\u0131m\u0131 Sat\u0131m\u0131 Yap\u0131l\u0131r.<br \/>\n0535 651 91 07<br \/>\n    <\/h3>\n<p>                            <img loading=\"lazy\" decoding=\"async\" src=\"https:\/\/kumas.sima.net.tr\/wp-content\/uploads\/2022\/03\/2140A70E-F121-407C-BAFD-B0120634A872-375x172.jpeg\" width=\"375\" height=\"172\" alt=\"Bak\u0131rk\u00f6y kuma\u015f al\u0131n\u0131r, Bak\u0131rk\u00f6y kuma\u015f alanlar, Bak\u0131rk\u00f6y kuma\u015f alan yerler, Bak\u0131rk\u00f6y kuma\u015f alan firmalar, Bak\u0131rk\u00f6y kuma\u015f al\u0131m sat\u0131m\u0131 yapanlar, Bak\u0131rk\u00f6y parti kuma\u015f alanlar, Bak\u0131rk\u00f6y stok kuma\u015f alanlar, Bak\u0131rk\u00f6y top kuma\u015f alanlar, Bak\u0131rk\u00f6y par\u00e7a kuma\u015f alanlar, Bak\u0131rk\u00f6y&#039;da kuma\u015f kim al\u0131r, Bak\u0131rk\u00f6y&#039;da kuma\u015f kime sat\u0131l\u0131r, Bak\u0131rk\u00f6y kuma\u015f sat\u0131n alanlar, sat\u0131l\u0131k kuma\u015f alanlar Bak\u0131rk\u00f6y&#039;da, metre ile kuma\u015f alanlar Bak\u0131rk\u00f6y&#039;da, Bak\u0131rk\u00f6y kilo ile kuma\u015f alanlar, Bak\u0131rk\u00f6y toptan kuma\u015f alanlar, Bak\u0131rk\u00f6y dokuma kuma\u015f alanlar, Bak\u0131rk\u00f6y \u00f6rme kuma\u015f alanlar, Bak\u0131rk\u00f6y penye kuma\u015f alanlar, Bak\u0131rk\u00f6y kuma\u015f alan ki\u015filer, Bak\u0131rk\u00f6y Spot kuma\u015f alanlar, Bak\u0131rk\u00f6y parti kuma\u015f\u00e7\u0131,\" title=\"Bak\u0131rk\u00f6y kuma\u015f al\u0131n\u0131r, Bak\u0131rk\u00f6y kuma\u015f alanlar, Bak\u0131rk\u00f6y kuma\u015f alan yerler, Bak\u0131rk\u00f6y kuma\u015f alan firmalar, Bak\u0131rk\u00f6y kuma\u015f al\u0131m sat\u0131m\u0131 yapanlar, Bak\u0131rk\u00f6y parti kuma\u015f alanlar, Bak\u0131rk\u00f6y stok kuma\u015f alanlar, Bak\u0131rk\u00f6y top kuma\u015f alanlar, Bak\u0131rk\u00f6y par\u00e7a kuma\u015f alanlar, Bak\u0131rk\u00f6y&#039;da kuma\u015f kim al\u0131r, Bak\u0131rk\u00f6y&#039;da kuma\u015f kime sat\u0131l\u0131r, Bak\u0131rk\u00f6y kuma\u015f sat\u0131n alanlar, sat\u0131l\u0131k kuma\u015f alanlar Bak\u0131rk\u00f6y&#039;da, metre ile kuma\u015f alanlar Bak\u0131rk\u00f6y&#039;da, Bak\u0131rk\u00f6y kilo ile kuma\u015f alanlar, Bak\u0131rk\u00f6y toptan kuma\u015f alanlar, Bak\u0131rk\u00f6y dokuma kuma\u015f alanlar, Bak\u0131rk\u00f6y \u00f6rme kuma\u015f alanlar, Bak\u0131rk\u00f6y penye kuma\u015f alanlar, Bak\u0131rk\u00f6y kuma\u015f alan ki\u015filer, Bak\u0131rk\u00f6y Spot kuma\u015f alanlar, Bak\u0131rk\u00f6y parti kuma\u015f\u00e7\u0131,\" \/>                               <\/p>\n<h3><a href=\"https:\/\/www.kumasalanfirma.com\/Hizmetler\/kumas-alim-satimi-yapan-kumascilar-05356519107\/\">Kuma\u015f Al\u0131m Sat\u0131m\u0131 Yapan Kuma\u015f\u00e7\u0131lar 05356519107<\/a><\/h3>\n<p>                                    <a href=\"https:\/\/www.kumasalanfirma.com\/Hizmetler\/kumas-alim-satimi-yapan-kumascilar-05356519107\/\"><br \/>\n                                            Daha Fazla<br \/>\n                                    <\/a><br \/>\n                            <img loading=\"lazy\" decoding=\"async\" src=\"https:\/\/www.kumasalanfirma.com\/wp-content\/uploads\/2021\/08\/15245530-B16A-4A6D-92F7-48D56DB2E28B-375x172.jpeg\" width=\"375\" height=\"172\" alt=\"Toptan Parti Kuma\u015f Al\u0131n\u0131r\" title=\"15245530-B16A-4A6D-92F7-48D56DB2E28B\" \/>                               <\/p>\n<h3><a href=\"https:\/\/www.kumasalanfirma.com\/Hizmetler\/herturlu-kumas-alanlar-05356519107\/\">Hert\u00fcrl\u00fc Kuma\u015f Alanlar 05356519107<\/a><\/h3>\n<p>                                    <a href=\"https:\/\/www.kumasalanfirma.com\/Hizmetler\/herturlu-kumas-alanlar-05356519107\/\"><br \/>\n                                            Daha Fazla<br \/>\n                                    <\/a><br \/>\n                            <img loading=\"lazy\" decoding=\"async\" src=\"https:\/\/www.kumasalanfirma.com\/wp-content\/uploads\/2021\/05\/720B5D89-3050-4DD4-98F5-0504B6D787A9-375x172.jpeg\" width=\"375\" height=\"172\" alt=\"720B5D89-3050-4DD4-98F5-0504B6D787A9\" title=\"720B5D89-3050-4DD4-98F5-0504B6D787A9\" \/>                               <\/p>\n<h3><a href=\"https:\/\/www.kumasalanfirma.com\/Hizmetler\/toptan-kumas-alanlar\/\">Toptan Kuma\u015f Alanlar<\/a><\/h3>\n<p>                                    <a href=\"https:\/\/www.kumasalanfirma.com\/Hizmetler\/toptan-kumas-alanlar\/\"><br \/>\n                                            Daha Fazla<br \/>\n                                    <\/a><br \/>\n                            <img loading=\"lazy\" decoding=\"async\" src=\"https:\/\/www.kumasalanfirma.com\/wp-content\/uploads\/2021\/05\/C54DC8B5-3183-4D00-9D58-1A6566082582-375x172.jpeg\" width=\"375\" height=\"172\" alt=\"Kuma\u015f al\u0131m sat\u0131m\" title=\"C54DC8B5-3183-4D00-9D58-1A6566082582\" \/>                               <\/p>\n<h3><a href=\"https:\/\/www.kumasalanfirma.com\/Hizmetler\/stok-kumas\/\">Stok Kuma\u015f<\/a><\/h3>\n<p>                                    <a href=\"https:\/\/www.kumasalanfirma.com\/Hizmetler\/stok-kumas\/\"><br \/>\n                                            Daha Fazla<br \/>\n                                    <\/a><br \/>\n                            <img loading=\"lazy\" decoding=\"async\" src=\"https:\/\/www.kumasalanfirma.com\/wp-content\/uploads\/2021\/05\/62200E66-5DFE-444E-8EE4-7E82163D2544-375x172.jpeg\" width=\"375\" height=\"172\" alt=\"62200E66-5DFE-444E-8EE4-7E82163D2544\" title=\"62200E66-5DFE-444E-8EE4-7E82163D2544\" \/>                               <\/p>\n<h3><a href=\"https:\/\/www.kumasalanfirma.com\/Hizmetler\/spot-kumas\/\">Spot Kuma\u015f<\/a><\/h3>\n<p>                                    <a href=\"https:\/\/www.kumasalanfirma.com\/Hizmetler\/spot-kumas\/\"><br \/>\n                                            Daha Fazla<br \/>\n                                    <\/a><br \/>\n                            <img loading=\"lazy\" decoding=\"async\" src=\"https:\/\/www.kumasalanfirma.com\/wp-content\/uploads\/2021\/05\/6B2BA59E-9C1C-4239-9F66-0F264FA3E80D-375x172.jpeg\" width=\"375\" height=\"172\" alt=\"Penye Kuma\u015f Alanlar\" title=\"6B2BA59E-9C1C-4239-9F66-0F264FA3E80D\" \/>                               <\/p>\n<h3><a href=\"https:\/\/www.kumasalanfirma.com\/Hizmetler\/parti-mali-kumas\/\">Parti Mal\u0131 Kuma\u015f<\/a><\/h3>\n<p>                                    <a href=\"https:\/\/www.kumasalanfirma.com\/Hizmetler\/parti-mali-kumas\/\"><br \/>\n                                            Daha Fazla<br \/>\n                                    <\/a><\/p>\n<h3>\n            Stok Parti Kuma\u015flar\u0131n\u0131z\u0131 De\u011ferlendirelim..0535 651 91 07<br \/>\n    <\/h3>\n<p>Bize sataca\u011f\u0131n\u0131z kuma\u015flarla birlikte piyasadaki bir\u00e7ok kuma\u015f alan firmaya g\u00f6re daha karl\u0131 bir i\u015flem yapman\u0131z m\u00fcmk\u00fcn olacakt\u0131r.<\/p>\n<h3>\n            Eng\u00fcncel Kuma\u015f Al\u0131mlar\u0131m\u0131z \u0130\u00e7in Takipte Kal\u0131n<br \/>\n0535 651 91 07<br \/>\n    <\/h3>\n<p>Kuma\u015f Alan firmam\u0131z hakk\u0131nda en g\u00fcncel bilgiler blog sayfam\u0131zda. Takipte Kal\u0131n<\/p>\n<p>                            <a href=\"https:\/\/www.kumasalanfirma.com\/arnavutkoy-kumas-alanlar-05356519107-arnavutkoy-parti-kumas-alimi\/\"><img loading=\"lazy\" decoding=\"async\" src=\"https:\/\/kumas.sima.net.tr\/wp-content\/uploads\/2022\/07\/F8B340CE-394E-4458-8827-A9D103E39928-370x230.jpeg\" width=\"370\" height=\"230\" alt=\"arnavutk\u00f6y kuma\u015f alanlar, arnavutk\u00f6y kuma\u015f al\u0131m\u0131, arnavutk\u00f6y kuma\u015f alan yerler, arnavutk\u00f6y parti kuma\u015f\u00e7\u0131lar, arnavutk\u00f6y parti mal\u0131 arnavutk\u00f6y kuma\u015f, arnavutk\u00f6y kuma\u015f\u00e7\u0131lar, arnavutk\u00f6y kuma\u015f al\u0131m sat\u0131m\u0131, arnavutk\u00f6y kuma\u015f al\u0131n\u0131r. arnavutk\u00f6y toptan kuma\u015f alanlar, arnavutk\u00f6y toplu kuma\u015f alanlar,arnavutk\u00f6y kiloluk kuma\u015f alanlar, arnavutk\u00f6y ucuz kuma\u015f, arnavutk\u00f6y metrlik kuma\u015f,\" title=\"arnavutk\u00f6y kuma\u015f alanlar, arnavutk\u00f6y kuma\u015f al\u0131m\u0131, arnavutk\u00f6y kuma\u015f alan yerler, arnavutk\u00f6y parti kuma\u015f\u00e7\u0131lar, arnavutk\u00f6y parti mal\u0131 arnavutk\u00f6y kuma\u015f, arnavutk\u00f6y kuma\u015f\u00e7\u0131lar, arnavutk\u00f6y kuma\u015f al\u0131m sat\u0131m\u0131, arnavutk\u00f6y kuma\u015f al\u0131n\u0131r. arnavutk\u00f6y toptan kuma\u015f alanlar, arnavutk\u00f6y toplu kuma\u015f alanlar,arnavutk\u00f6y kiloluk kuma\u015f alanlar, arnavutk\u00f6y ucuz kuma\u015f, arnavutk\u00f6y metrlik kuma\u015f,\" \/><\/a><br \/>\n                                        06<br \/>\n                                        Tem\/22<\/p>\n<ul>\n<li>\n                                        <a href=\"https:\/\/www.kumasalanfirma.com\/author\/admin\/\">Kuma\u015f Alan<\/a><\/li>\n<li>\n                                        <a href=\"https:\/\/www.kumasalanfirma.com\/category\/arnavutkoy-kumas-alanlar\/\" rel=\"tag\">Arnavutk\u00f6y Kuma\u015f Alanlar<\/a>                                    <\/li>\n<\/ul>\n<h3><a href=\"https:\/\/www.kumasalanfirma.com\/arnavutkoy-kumas-alanlar-05356519107-arnavutkoy-parti-kumas-alimi\/\">Arnavutk\u00f6y Kuma\u015f Alanlar 05356519107 Arnavutk\u00f6y Parti Kuma\u015f Al\u0131m\u0131<\/a><\/h3>\n<p>                                <a href=\"https:\/\/www.kumasalanfirma.com\/arnavutkoy-kumas-alanlar-05356519107-arnavutkoy-parti-kumas-alimi\/\"><br \/>\n                                    Daha Fazla<br \/>\n                                    <i>+<\/i><br \/>\n                                <\/a><br \/>\n                            <a href=\"https:\/\/www.kumasalanfirma.com\/viskon-kumas-alanlar-05356519107-parti-viskon-kumas-alimi-satim\/\"><img loading=\"lazy\" decoding=\"async\" src=\"https:\/\/kumas.sima.net.tr\/wp-content\/uploads\/2022\/07\/DE08C7B2-0D67-48B2-8EE0-151095D12559-370x230.jpeg\" width=\"370\" height=\"230\" alt=\"viskon kuma\u015f al\u0131m sat\u0131m\u0131, viskon kuma\u015f alanlar, viskon kuma\u015f al\u0131m\u0131 yap\u0131l\u0131r, viskon kuma\u015f fiyatlar\u0131,viskon kuma\u015f alan yerler, ucuz viskon kuma\u015f, viskon kuma\u015f fiyatlar\u0131, parti viskon kuma\u015f, parti viskon kuma\u015f al\u0131m\u0131, zeytinburnu viskon kuma\u015f, spot viskon kuma\u015f,\" title=\"viskon kuma\u015f al\u0131m sat\u0131m\u0131, viskon kuma\u015f alanlar, viskon kuma\u015f al\u0131m\u0131 yap\u0131l\u0131r, viskon kuma\u015f fiyatlar\u0131,viskon kuma\u015f alan yerler, ucuz viskon kuma\u015f, viskon kuma\u015f fiyatlar\u0131, parti viskon kuma\u015f, parti viskon kuma\u015f al\u0131m\u0131, zeytinburnu viskon kuma\u015f, spot viskon kuma\u015f,\" \/><\/a><br \/>\n                                        06<br \/>\n                                        Tem\/22<\/p>\n<ul>\n<li>\n                                        <a href=\"https:\/\/www.kumasalanfirma.com\/author\/admin\/\">Kuma\u015f Alan<\/a><\/li>\n<li>\n                                        <a href=\"https:\/\/www.kumasalanfirma.com\/category\/viskon-kumas-alanlar\/\" rel=\"tag\">Viskon Kuma\u015f Alanlar<\/a>                                    <\/li>\n<\/ul>\n<h3><a href=\"https:\/\/www.kumasalanfirma.com\/viskon-kumas-alanlar-05356519107-parti-viskon-kumas-alimi-satim\/\">Viskon Kuma\u015f Alanlar 05356519107 Parti Viskon Kuma\u015f Al\u0131m\u0131 Sat\u0131m<\/a><\/h3>\n<p>                                <a href=\"https:\/\/www.kumasalanfirma.com\/viskon-kumas-alanlar-05356519107-parti-viskon-kumas-alimi-satim\/\"><br \/>\n                                    Daha Fazla<br \/>\n                                    <i>+<\/i><br \/>\n                                <\/a><br \/>\n                            <a href=\"https:\/\/www.kumasalanfirma.com\/suprem-kumas-alanlar-05356519107-parti-suprem-kumas-alimi-satimi\/\"><img loading=\"lazy\" decoding=\"async\" src=\"https:\/\/kumas.sima.net.tr\/wp-content\/uploads\/2022\/07\/BBA3C046-A08C-44CB-BB94-D40D1F5DB0C1-370x230.jpeg\" width=\"370\" height=\"230\" alt=\"likral\u0131 s\u00fcprem kuma\u015f alanlar,likral\u0131 s\u00fcprem kuma\u015f al\u0131m\u0131, s\u00fcprem kuma\u015f alanlar, s\u00fcprem kuma\u015f al\u0131m\u0131 yapanlar, s\u00fcprem kuma\u015f fiyatlar\u0131, parti s\u00fcprem kuma\u015f, parti mal\u0131 s\u00fcprem kuma\u015f, parti s\u00fcprem kuma\u015f nerede, s\u00fcprem kuma\u015f al\u0131m\u0131, likral\u0131 s\u00fcprem kuma\u015f fiyalar\u0131, zeytinburnu s\u00fcprem kuma\u015f alanlar, s\u00fcprem kuma\u015f al\u0131n\u0131r,\" title=\"likral\u0131 s\u00fcprem kuma\u015f alanlar,likral\u0131 s\u00fcprem kuma\u015f al\u0131m\u0131, s\u00fcprem kuma\u015f alanlar, s\u00fcprem kuma\u015f al\u0131m\u0131 yapanlar, s\u00fcprem kuma\u015f fiyatlar\u0131, parti s\u00fcprem kuma\u015f, parti mal\u0131 s\u00fcprem kuma\u015f, parti s\u00fcprem kuma\u015f nerede, s\u00fcprem kuma\u015f al\u0131m\u0131, likral\u0131 s\u00fcprem kuma\u015f fiyalar\u0131, zeytinburnu s\u00fcprem kuma\u015f alanlar, s\u00fcprem kuma\u015f al\u0131n\u0131r,\" \/><\/a><br \/>\n                                        06<br \/>\n                                        Tem\/22<\/p>\n<ul>\n<li>\n                                        <a href=\"https:\/\/www.kumasalanfirma.com\/author\/admin\/\">Kuma\u015f Alan<\/a><\/li>\n<li>\n                                        <a href=\"https:\/\/www.kumasalanfirma.com\/category\/suprem-kumas-alanlar\/\" rel=\"tag\">S\u00fcprem Kuma\u015f Alanlar<\/a>                                    <\/li>\n<\/ul>\n<h3><a href=\"https:\/\/www.kumasalanfirma.com\/suprem-kumas-alanlar-05356519107-parti-suprem-kumas-alimi-satimi\/\">S\u00fcprem Kuma\u015f Alanlar 05356519107 Parti S\u00fcprem Kuma\u015f Al\u0131m\u0131 Sat\u0131m\u0131<\/a><\/h3>\n<p>                                <a href=\"https:\/\/www.kumasalanfirma.com\/suprem-kumas-alanlar-05356519107-parti-suprem-kumas-alimi-satimi\/\"><br \/>\n                                    Daha Fazla<br \/>\n                                    <i>+<\/i><br \/>\n                                <\/a><br \/>\n                            <a href=\"https:\/\/www.kumasalanfirma.com\/ribana-kumas\/\"><img loading=\"lazy\" decoding=\"async\" src=\"https:\/\/kumas.sima.net.tr\/wp-content\/uploads\/2022\/07\/1A1FE98E-B168-4266-A0F5-C71928BEF2E0-370x230.jpeg\" width=\"370\" height=\"230\" alt=\"1x1 ribana Kuma\u015f Alan, 2x2 ribana Kuma\u015f Alan, ribana alan, ribana sat\u0131n alan, spot ribana, ucuz ribana,30\/1 Ribana Kuma\u015f Sat\u0131n Alan,Kol Ribanas\u0131 alan,Man\u015fet Ribana Alan,yaka Ribana alan,\" title=\"1x1 ribana Kuma\u015f Alan, 2x2 ribana Kuma\u015f Alan, ribana alan, ribana sat\u0131n alan, spot ribana, ucuz ribana,30\/1 Ribana Kuma\u015f Sat\u0131n Alan,Kol Ribanas\u0131 alan,Man\u015fet Ribana Alan,yaka Ribana alan,\" \/><\/a><br \/>\n                                        06<br \/>\n                                        Tem\/22<\/p>\n<ul>\n<li>\n                                        <a href=\"https:\/\/www.kumasalanfirma.com\/author\/admin\/\">Kuma\u015f Alan<\/a><\/li>\n<li>\n                                        <a href=\"https:\/\/www.kumasalanfirma.com\/category\/ribana-kumas-alanlar\/\" rel=\"tag\">Ribana Kuma\u015f Alanlar<\/a>                                    <\/li>\n<\/ul>\n<h3><a href=\"https:\/\/www.kumasalanfirma.com\/ribana-kumas\/\">Ribana Kuma\u015f Kim Al\u0131yor 05356519107<\/a><\/h3>\n<p>                                <a href=\"https:\/\/www.kumasalanfirma.com\/ribana-kumas\/\"><br \/>\n                                    Daha Fazla<br \/>\n                                    <i>+<\/i><br \/>\n                                <\/a><br \/>\n                            <a href=\"https:\/\/www.kumasalanfirma.com\/sifon-kumas-nereye-satilir-05356519107\/\"><img loading=\"lazy\" decoding=\"async\" src=\"https:\/\/kumas.sima.net.tr\/wp-content\/uploads\/2022\/07\/74721AAD-CE1F-43E1-85B2-1044D99C4F4E-370x230.jpeg\" width=\"370\" height=\"230\" alt=\"Desenli \u015fifon kuma\u015f kim al\u0131r, d\u00fcz \u015fifon kuma\u015f kime sat\u0131ld\u0131,puanl\u0131 \u015fifon kuma\u015f alanlar,ponponlu \u015fifon kuma\u015f alanlar,ham \u015fifon kuma\u015f nereye sat\u0131l\u0131r, par\u00e7a \u015fifon kuma\u015f nereye sat\u0131l\u0131r\" title=\"Desenli \u015fifon kuma\u015f kim al\u0131r, d\u00fcz \u015fifon kuma\u015f kime sat\u0131ld\u0131,puanl\u0131 \u015fifon kuma\u015f alanlar,ponponlu \u015fifon kuma\u015f alanlar,ham \u015fifon kuma\u015f nereye sat\u0131l\u0131r, par\u00e7a \u015fifon kuma\u015f nereye sat\u0131l\u0131r\" \/><\/a><br \/>\n                                        05<br \/>\n                                        Tem\/22<\/p>\n<ul>\n<li>\n                                        <a href=\"https:\/\/www.kumasalanfirma.com\/author\/admin\/\">Kuma\u015f Alan<\/a><\/li>\n<li>\n                                        <a href=\"https:\/\/www.kumasalanfirma.com\/category\/kumas-alan-firma\/\" rel=\"tag\">Kuma\u015f Alan Firma<\/a>, <a href=\"https:\/\/www.kumasalanfirma.com\/category\/sifon-kumas-alanlar\/\" rel=\"tag\">\u015eifon Kuma\u015f Alanlar<\/a>                                    <\/li>\n<\/ul>\n<h3><a href=\"https:\/\/www.kumasalanfirma.com\/sifon-kumas-nereye-satilir-05356519107\/\">\u015eifon Kuma\u015f Nereye Sat\u0131l\u0131r 05356519107<\/a><\/h3>\n<p>                                <a href=\"https:\/\/www.kumasalanfirma.com\/sifon-kumas-nereye-satilir-05356519107\/\"><br \/>\n                                    Daha Fazla<br \/>\n                                    <i>+<\/i><br \/>\n                                <\/a><br \/>\n                            <a href=\"https:\/\/www.kumasalanfirma.com\/krep-kumas-kime-satarim-05356519107\/\"><img loading=\"lazy\" decoding=\"async\" src=\"https:\/\/kumas.sima.net.tr\/wp-content\/uploads\/2022\/07\/5BB9C691-D98E-431C-B023-0090E9D53E88-370x230.jpeg\" width=\"370\" height=\"230\" alt=\"Krep Kuma\u015f Kime Satar\u0131m 05356519107\" title=\"Krep Kuma\u015f Kime Satar\u0131m 05356519107\" \/><\/a><br \/>\n                                        04<br \/>\n                                        Tem\/22<\/p>\n<ul>\n<li>\n                                        <a href=\"https:\/\/www.kumasalanfirma.com\/author\/admin\/\">Kuma\u015f Alan<\/a><\/li>\n<li>\n                                        <a href=\"https:\/\/www.kumasalanfirma.com\/category\/krep-kumas-alanlar\/\" rel=\"tag\">Krep Kuma\u015f Alanlar<\/a>, <a href=\"https:\/\/www.kumasalanfirma.com\/category\/kumas-alan-firma\/\" rel=\"tag\">Kuma\u015f Alan Firma<\/a>                                    <\/li>\n<\/ul>\n<h3><a href=\"https:\/\/www.kumasalanfirma.com\/krep-kumas-kime-satarim-05356519107\/\">Krep Kuma\u015f Kime Satar\u0131m 05356519107<\/a><\/h3>\n<p>                                <a href=\"https:\/\/www.kumasalanfirma.com\/krep-kumas-kime-satarim-05356519107\/\"><br \/>\n                                    Daha Fazla<br \/>\n                                    <i>+<\/i><br \/>\n                                <\/a><br \/>\n\t\t\t<iframe frameborder=\"0\" scrolling=\"no\" marginheight=\"0\" marginwidth=\"0\" src=\"https:\/\/maps.google.com\/maps?q=Parti%20Kuma%C5%9F%20Alanlar%20-%20Avc%C4%B1%20Tekstil&amp;t=m&amp;z=13&amp;output=embed&amp;iwloc=near\" title=\"%3$s\" aria-label=\"%3$s\"><\/iframe><\/p>\n","protected":false},"excerpt":{"rendered":"<p>[rev_slider alias=&#8221;kumasalanfirma&#8221; slidertitle=&#8221;kumasalanfirma&#8221;][\/rev_slider] M\u00fc\u015fteri Memnuniyeti Kuma\u015f Al\u0131m\u0131nda 0535 651 91 07 Kuma\u015f alan firma olarak parti kuma\u015f ve stok kuma\u015f al\u0131m\u0131nda Kalite ve g\u00fcven ile m\u00fc\u015fteri talep ve beklentilerini kar\u015f\u0131layabilmek i\u00e7in var g\u00fcc\u00fcm\u00fcz ile \u00e7al\u0131\u015f\u0131yoruz. Kuma\u015flar\u0131n\u0131z\u0131 Zaman\u0131n\u0131z\u0131 Almadan \u00dcst\u00fcn Personelimizle Al\u0131yoruz 0535 651 91 07 Zaman\u0131n ne kadar de\u011ferli oldu\u011funu biliyor ve etkin bi\u00e7imde kullanarak<br \/><a class=\"moretag\" href=\"https:\/\/kumas.sima.net.tr\/index.php\/anasayfa-2\/\">+ Read More<\/a><\/p>\n","protected":false},"author":1,"featured_media":0,"parent":0,"menu_order":0,"comment_status":"closed","ping_status":"closed","template":"","meta":{"footnotes":""},"class_list":["post-1778","page","type-page","status-publish","hentry"],"_links":{"self":[{"href":"https:\/\/kumas.sima.net.tr\/index.php\/wp-json\/wp\/v2\/pages\/1778","targetHints":{"allow":["GET"]}}],"collection":[{"href":"https:\/\/kumas.sima.net.tr\/index.php\/wp-json\/wp\/v2\/pages"}],"about":[{"href":"https:\/\/kumas.sima.net.tr\/index.php\/wp-json\/wp\/v2\/types\/page"}],"author":[{"embeddable":true,"href":"https:\/\/kumas.sima.net.tr\/index.php\/wp-json\/wp\/v2\/users\/1"}],"replies":[{"embeddable":true,"href":"https:\/\/kumas.sima.net.tr\/index.php\/wp-json\/wp\/v2\/comments?post=1778"}],"version-history":[{"count":0,"href":"https:\/\/kumas.sima.net.tr\/index.php\/wp-json\/wp\/v2\/pages\/1778\/revisions"}],"wp:attachment":[{"href":"https:\/\/kumas.sima.net.tr\/index.php\/wp-json\/wp\/v2\/media?parent=1778"}],"curies":[{"name":"wp","href":"https:\/\/api.w.org\/{rel}","templated":true}]}}